{"id":37,"date":"2022-03-30T08:39:50","date_gmt":"2022-03-30T06:39:50","guid":{"rendered":"http:\/\/newsite.multimediart.lu\/?page_id=37"},"modified":"2023-04-20T06:51:13","modified_gmt":"2023-04-20T04:51:13","slug":"a-s-b-l","status":"publish","type":"page","link":"https:\/\/www.multimediart.lu\/?page_id=37","title":{"rendered":"A.S.B.L."},"content":{"rendered":"\n<p>Objet: <strong>Promouvoir l&#8217;interrelation. Notamment \u00e0 travers l&#8217;utilisation des nouvelles technologies de la communication.<\/strong><\/p>\n\n\n\n<figure class=\"wp-block-table is-style-regular\"><table><tbody><tr><td>Pr\u00e9sident<\/td><td>Petz Schaack<\/td><\/tr><tr><td>Vice-Pr\u00e9sident<\/td><td>Claude Kiefer<\/td><\/tr><tr><td>Secr\u00e9taire<\/td><td>Daniel Kries<\/td><\/tr><tr><td>Tr\u00e9sorier<\/td><td>Claude Oe<\/td><\/tr><tr><td>Membres du comit\u00e9<\/td><td>Christiane Kalmes<\/td><\/tr><tr><td><\/td><td>Charlie Becker<\/td><\/tr><tr><td><\/td><td>Carole Medernach<\/td><\/tr><\/tbody><\/table><\/figure>\n\n\n\n<p>Compte bancaire: <strong> LU28 1111 2328 2323 0000<\/strong>  @ CCPLLULL <\/p>\n\n\n\n<p>Publication M\u00e9morial : <a rel=\"noreferrer noopener\" href=\"http:\/\/www.etat.lu\/memorial\/1998\/C\/Pdf\/c1471003.pdf#Page=25\" target=\"_blank\">C &#8211; N\u00b0 147 \/ 10 mars 1998<\/a><\/p>\n","protected":false},"excerpt":{"rendered":"<p>Objet: Promouvoir l&#8217;interrelation. Notamment \u00e0 travers l&#8217;utilisation des nouvelles technologies de la communication. Pr\u00e9sident Petz Schaack Vice-Pr\u00e9sident Claude Kiefer Secr\u00e9taire [&hellip;]<\/p>\n","protected":false},"author":1,"featured_media":0,"parent":0,"menu_order":0,"comment_status":"closed","ping_status":"closed","template":"","meta":{"footnotes":""},"class_list":["post-37","page","type-page","status-publish","hentry"],"_links":{"self":[{"href":"https:\/\/www.multimediart.lu\/index.php?rest_route=\/wp\/v2\/pages\/37","targetHints":{"allow":["GET"]}}],"collection":[{"href":"https:\/\/www.multimediart.lu\/index.php?rest_route=\/wp\/v2\/pages"}],"about":[{"href":"https:\/\/www.multimediart.lu\/index.php?rest_route=\/wp\/v2\/types\/page"}],"author":[{"embeddable":true,"href":"https:\/\/www.multimediart.lu\/index.php?rest_route=\/wp\/v2\/users\/1"}],"replies":[{"embeddable":true,"href":"https:\/\/www.multimediart.lu\/index.php?rest_route=%2Fwp%2Fv2%2Fcomments&post=37"}],"version-history":[{"count":7,"href":"https:\/\/www.multimediart.lu\/index.php?rest_route=\/wp\/v2\/pages\/37\/revisions"}],"predecessor-version":[{"id":1007,"href":"https:\/\/www.multimediart.lu\/index.php?rest_route=\/wp\/v2\/pages\/37\/revisions\/1007"}],"wp:attachment":[{"href":"https:\/\/www.multimediart.lu\/index.php?rest_route=%2Fwp%2Fv2%2Fmedia&parent=37"}],"curies":[{"name":"wp","href":"https:\/\/api.w.org\/{rel}","templated":true}]}}