{"id":1033,"date":"2023-04-22T16:09:39","date_gmt":"2023-04-22T14:09:39","guid":{"rendered":"https:\/\/www.multimediart.lu\/?post_type=product&#038;p=1033"},"modified":"2023-04-22T16:25:39","modified_gmt":"2023-04-22T14:25:39","slug":"merry-lux-mas","status":"publish","type":"product","link":"https:\/\/www.multimediart.lu\/?product=merry-lux-mas","title":{"rendered":"Merry Lux-mas"},"content":{"rendered":"<p>Merry Lux-mas<\/p>\n<p>19 l\u00ebtzebuerger Gruppen spillen Kr\u00ebschtmusik<\/p>\n<p><u><b>Tracklist<\/b><\/u><\/p>\n<table class=\"design\">\n<tbody>\n<tr class=\"design\">\n<td class=\"design\">1.<\/td>\n<td class=\"design\">Claudine Muno and the Loona Boots &#8211; Hallelujah<\/td>\n<\/tr>\n<tr class=\"design\">\n<td class=\"design\">2.<\/td>\n<td class=\"design\">Inner Dinner &#8211; Simply having a wonderful Christmas time<\/td>\n<\/tr>\n<tr class=\"design\">\n<td class=\"design\">3.<\/td>\n<td class=\"design\">D&#8217;Juju &#8211; En casa de vuento fuerte<\/td>\n<\/tr>\n<tr class=\"design\">\n<td class=\"design\">4.<\/td>\n<td class=\"design\">Francis G &#8211; We wish you a Merry Christmas<\/td>\n<\/tr>\n<tr class=\"design\">\n<td class=\"design\">5.<\/td>\n<td class=\"design\">Dennico &amp; Friends &#8211; Eng Hand d\u00e9i dech ber\u00e9iert<\/td>\n<\/tr>\n<tr class=\"design\">\n<td class=\"design\">6.<\/td>\n<td class=\"design\">Nazz Nazz &#8211; Rudolph Rednose Reindeer<\/td>\n<\/tr>\n<tr class=\"design\">\n<td class=\"design\">7.<\/td>\n<td class=\"design\">Moof &#8211; All Jo\u00ebr \u00ebm d\u00e9i selwecht Z\u00e4it<\/td>\n<\/tr>\n<tr class=\"design\">\n<td class=\"design\">8.<\/td>\n<td class=\"design\">Thorax &#8211; Petit Papa No\u00ebl<\/td>\n<\/tr>\n<tr class=\"design\">\n<td class=\"design\">9.<\/td>\n<td class=\"design\">Inbetween &#8211; The Little Drummer Boy<\/td>\n<\/tr>\n<tr class=\"design\">\n<td class=\"design\">10.<\/td>\n<td class=\"design\">Vittorio Merlo &#8211; Regalo di natale<\/td>\n<\/tr>\n<tr class=\"design\">\n<td class=\"design\">11.<\/td>\n<td class=\"design\">Luxus &#8211; Handyman<\/td>\n<\/tr>\n<tr class=\"design\">\n<td class=\"design\">12.<\/td>\n<td class=\"design\">Medley Jukebox &#8211; Footprints on the snow<\/td>\n<\/tr>\n<tr class=\"design\">\n<td class=\"design\">13.<\/td>\n<td class=\"design\">Rom Bernard &#8211; It&#8217;s beginning to look like Christmas<\/td>\n<\/tr>\n<tr class=\"design\">\n<td class=\"design\">14.<\/td>\n<td class=\"design\">Clanrock &#8211; E K\u00ebnnchen ass gebuere ginn<\/td>\n<\/tr>\n<tr class=\"design\">\n<td class=\"design\">15.<\/td>\n<td class=\"design\">Quentin Lagonza &#8211; Another Christmas Song<\/td>\n<\/tr>\n<tr class=\"design\">\n<td class=\"design\">16.<\/td>\n<td class=\"design\">Sixpax &#8211; A Merry Rocking Christmas<\/td>\n<\/tr>\n<tr class=\"design\">\n<td class=\"design\">17.<\/td>\n<td class=\"design\">The Barcodes &#8211; Santa Clause is coming to town<\/td>\n<\/tr>\n<tr class=\"design\">\n<td class=\"design\">18.<\/td>\n<td class=\"design\">Blonimo &#8211; Jingle Bells<\/td>\n<\/tr>\n<\/tbody>\n<\/table>\n<table class=\"design\">\n<tbody>\n<tr class=\"design\">\n<td class=\"design\">19.<\/td>\n<td class=\"design\">Bleeding Sword &#8211; Silent Night<\/td>\n<\/tr>\n<\/tbody>\n<\/table>\n","protected":false},"excerpt":{"rendered":"<p>Merry Lux-mas 19 l\u00ebtzebuerger Gruppen spillen Kr\u00ebschtmusik Tracklist 1. Claudine Muno and the Loona Boots &#8211; Hallelujah 2. Inner Dinner [&hellip;]<\/p>\n","protected":false},"featured_media":1034,"template":"","meta":[],"product_brand":[],"product_cat":[25],"product_tag":[60],"class_list":{"0":"post-1033","1":"product","2":"type-product","3":"status-publish","4":"has-post-thumbnail","6":"product_cat-cd","7":"product_tag-60","9":"first","10":"instock","11":"shipping-taxable","12":"purchasable","13":"product-type-simple"},"_links":{"self":[{"href":"https:\/\/www.multimediart.lu\/index.php?rest_route=\/wp\/v2\/product\/1033","targetHints":{"allow":["GET"]}}],"collection":[{"href":"https:\/\/www.multimediart.lu\/index.php?rest_route=\/wp\/v2\/product"}],"about":[{"href":"https:\/\/www.multimediart.lu\/index.php?rest_route=\/wp\/v2\/types\/product"}],"wp:featuredmedia":[{"embeddable":true,"href":"https:\/\/www.multimediart.lu\/index.php?rest_route=\/wp\/v2\/media\/1034"}],"wp:attachment":[{"href":"https:\/\/www.multimediart.lu\/index.php?rest_route=%2Fwp%2Fv2%2Fmedia&parent=1033"}],"wp:term":[{"taxonomy":"product_brand","embeddable":true,"href":"https:\/\/www.multimediart.lu\/index.php?rest_route=%2Fwp%2Fv2%2Fproduct_brand&post=1033"},{"taxonomy":"product_cat","embeddable":true,"href":"https:\/\/www.multimediart.lu\/index.php?rest_route=%2Fwp%2Fv2%2Fproduct_cat&post=1033"},{"taxonomy":"product_tag","embeddable":true,"href":"https:\/\/www.multimediart.lu\/index.php?rest_route=%2Fwp%2Fv2%2Fproduct_tag&post=1033"}],"curies":[{"name":"wp","href":"https:\/\/api.w.org\/{rel}","templated":true}]}}