{"id":1057,"date":"2023-04-22T17:46:42","date_gmt":"2023-04-22T15:46:42","guid":{"rendered":"https:\/\/www.multimediart.lu\/?post_type=product&#038;p=1057"},"modified":"2023-04-22T17:50:32","modified_gmt":"2023-04-22T15:50:32","slug":"dhex-zauselkatti-marchen-op-letzebuergesch","status":"publish","type":"product","link":"https:\/\/www.multimediart.lu\/?product=dhex-zauselkatti-marchen-op-letzebuergesch","title":{"rendered":"D&#8217;Hex Zauselk\u00e4tti &#8211; M\u00e4rchen op L\u00ebtzebuergesch"},"content":{"rendered":"<p>D&#8217;Hex Zauselk\u00e4tti &#8211;\u00a0 e flott M\u00e4rchen op L\u00ebtzebuergesch<\/p>\n<p><u><b>Tracklist<\/b><\/u><\/p>\n<table class=\"design\">\n<tbody>\n<tr class=\"design\">\n<td class=\"design\">1.<\/td>\n<td class=\"design\">\u00e9ischten Deel<\/td>\n<\/tr>\n<tr class=\"design\">\n<td class=\"design\">2.<\/td>\n<td class=\"design\">zweeten Deel<\/td>\n<\/tr>\n<tr class=\"design\">\n<td class=\"design\">3.<\/td>\n<td class=\"design\">dr\u00ebtten Deel<\/td>\n<\/tr>\n<tr class=\"design\">\n<td class=\"design\">4.<\/td>\n<td class=\"design\">v\u00e9ierten Deel<\/td>\n<\/tr>\n<tr class=\"design\">\n<td class=\"design\">5.<\/td>\n<td class=\"design\">Zwergelidd<\/td>\n<\/tr>\n<tr class=\"design\">\n<td class=\"design\">6.<\/td>\n<td class=\"design\">Zwergelidd (fir matzesangen)<\/td>\n<\/tr>\n<\/tbody>\n<\/table>\n","protected":false},"excerpt":{"rendered":"<p>D&#8217;Hex Zauselk\u00e4tti &#8211;\u00a0 e flott M\u00e4rchen op L\u00ebtzebuergesch Tracklist 1. \u00e9ischten Deel 2. zweeten Deel 3. dr\u00ebtten Deel 4. v\u00e9ierten [&hellip;]<\/p>\n","protected":false},"featured_media":1058,"template":"","meta":[],"product_brand":[],"product_cat":[25],"product_tag":[],"class_list":{"0":"post-1057","1":"product","2":"type-product","3":"status-publish","4":"has-post-thumbnail","6":"product_cat-cd","8":"first","9":"instock","10":"shipping-taxable","11":"purchasable","12":"product-type-simple"},"_links":{"self":[{"href":"https:\/\/www.multimediart.lu\/index.php?rest_route=\/wp\/v2\/product\/1057","targetHints":{"allow":["GET"]}}],"collection":[{"href":"https:\/\/www.multimediart.lu\/index.php?rest_route=\/wp\/v2\/product"}],"about":[{"href":"https:\/\/www.multimediart.lu\/index.php?rest_route=\/wp\/v2\/types\/product"}],"wp:featuredmedia":[{"embeddable":true,"href":"https:\/\/www.multimediart.lu\/index.php?rest_route=\/wp\/v2\/media\/1058"}],"wp:attachment":[{"href":"https:\/\/www.multimediart.lu\/index.php?rest_route=%2Fwp%2Fv2%2Fmedia&parent=1057"}],"wp:term":[{"taxonomy":"product_brand","embeddable":true,"href":"https:\/\/www.multimediart.lu\/index.php?rest_route=%2Fwp%2Fv2%2Fproduct_brand&post=1057"},{"taxonomy":"product_cat","embeddable":true,"href":"https:\/\/www.multimediart.lu\/index.php?rest_route=%2Fwp%2Fv2%2Fproduct_cat&post=1057"},{"taxonomy":"product_tag","embeddable":true,"href":"https:\/\/www.multimediart.lu\/index.php?rest_route=%2Fwp%2Fv2%2Fproduct_tag&post=1057"}],"curies":[{"name":"wp","href":"https:\/\/api.w.org\/{rel}","templated":true}]}}