{"id":1156,"date":"2023-04-23T18:52:56","date_gmt":"2023-04-23T16:52:56","guid":{"rendered":"https:\/\/www.multimediart.lu\/?post_type=product&#038;p=1156"},"modified":"2023-04-23T18:57:38","modified_gmt":"2023-04-23T16:57:38","slug":"de-wellefchen-an-de-fiischen","status":"publish","type":"product","link":"https:\/\/www.multimediart.lu\/?product=de-wellefchen-an-de-fiischen","title":{"rendered":"De W\u00ebllefchen an de Fiischen"},"content":{"rendered":"<p>De W\u00ebllefchen an de Fiischen<\/p>\n<p>E M\u00e4rchen<\/p>\n<p><u><b>Tracklist<\/b><\/u><\/p>\n<table class=\"design\">\n<tbody>\n<tr class=\"design\">\n<td class=\"design\">1.<\/td>\n<td class=\"design\">De W\u00ebllefchen an de Fiischen (Text Dicks)<\/td>\n<\/tr>\n<tr class=\"design\">\n<td class=\"design\">2.<\/td>\n<td class=\"design\">Fiischen, Fiischen<\/td>\n<\/tr>\n<tr class=\"design\">\n<td class=\"design\">3.<\/td>\n<td class=\"design\">Kuck elei, lauschter no<\/td>\n<\/tr>\n<tr class=\"design\">\n<td class=\"design\">4.<\/td>\n<td class=\"design\">Fiischen, Fiischen (fir mat ze sangen)<\/td>\n<\/tr>\n<tr class=\"design\">\n<td class=\"design\">5.<\/td>\n<td class=\"design\">Kuck elei, lauschter no (fir mat ze sangen)<\/td>\n<\/tr>\n<\/tbody>\n<\/table>\n","protected":false},"excerpt":{"rendered":"<p>De W\u00ebllefchen an de Fiischen E M\u00e4rchen Tracklist 1. De W\u00ebllefchen an de Fiischen (Text Dicks) 2. Fiischen, Fiischen 3. [&hellip;]<\/p>\n","protected":false},"featured_media":1157,"template":"","meta":[],"product_brand":[],"product_cat":[25],"product_tag":[],"class_list":{"0":"post-1156","1":"product","2":"type-product","3":"status-publish","4":"has-post-thumbnail","6":"product_cat-cd","8":"first","9":"outofstock","10":"shipping-taxable","11":"purchasable","12":"product-type-simple"},"_links":{"self":[{"href":"https:\/\/www.multimediart.lu\/index.php?rest_route=\/wp\/v2\/product\/1156","targetHints":{"allow":["GET"]}}],"collection":[{"href":"https:\/\/www.multimediart.lu\/index.php?rest_route=\/wp\/v2\/product"}],"about":[{"href":"https:\/\/www.multimediart.lu\/index.php?rest_route=\/wp\/v2\/types\/product"}],"wp:featuredmedia":[{"embeddable":true,"href":"https:\/\/www.multimediart.lu\/index.php?rest_route=\/wp\/v2\/media\/1157"}],"wp:attachment":[{"href":"https:\/\/www.multimediart.lu\/index.php?rest_route=%2Fwp%2Fv2%2Fmedia&parent=1156"}],"wp:term":[{"taxonomy":"product_brand","embeddable":true,"href":"https:\/\/www.multimediart.lu\/index.php?rest_route=%2Fwp%2Fv2%2Fproduct_brand&post=1156"},{"taxonomy":"product_cat","embeddable":true,"href":"https:\/\/www.multimediart.lu\/index.php?rest_route=%2Fwp%2Fv2%2Fproduct_cat&post=1156"},{"taxonomy":"product_tag","embeddable":true,"href":"https:\/\/www.multimediart.lu\/index.php?rest_route=%2Fwp%2Fv2%2Fproduct_tag&post=1156"}],"curies":[{"name":"wp","href":"https:\/\/api.w.org\/{rel}","templated":true}]}}