{"id":153,"date":"2022-04-06T16:15:23","date_gmt":"2022-04-06T14:15:23","guid":{"rendered":"https:\/\/newsite.multimediart.lu\/?post_type=product&#038;p=153"},"modified":"2022-04-06T17:12:32","modified_gmt":"2022-04-06T15:12:32","slug":"gellent-kallef-by-der-daiwel","status":"publish","type":"product","link":"https:\/\/www.multimediart.lu\/?product=gellent-kallef-by-der-daiwel","title":{"rendered":"Der D\u00e4iwel &#8211; G\u00ebllent Kallef"},"content":{"rendered":"<table class=\"design\">\n<tbody>\n<tr class=\"design\">\n<td class=\"design\">G\u00ebllent Kallef &#8211; by Der D\u00e4iwel<\/p>\n<p><i>Released: Mar. 2018<\/i><\/p>\n<p><u><b>Tracklist<\/b><\/u><\/p>\n<table class=\"design\">\n<tbody>\n<tr class=\"design\">\n<td class=\"design\">1.<\/td>\n<td class=\"design\">Der Daiwel Anthem<\/td>\n<\/tr>\n<tr class=\"design\">\n<td class=\"design\">2.<\/td>\n<td class=\"design\">Dat huet dir der D\u00e4iwel gesot<\/td>\n<\/tr>\n<tr class=\"design\">\n<td class=\"design\">3.<\/td>\n<td class=\"design\">Amerikaneschen Dram<\/td>\n<\/tr>\n<tr class=\"design\">\n<td class=\"design\">4.<\/td>\n<td class=\"design\">Homies<\/td>\n<\/tr>\n<tr class=\"design\">\n<td class=\"design\">6.<\/td>\n<td class=\"design\">Schl\u00e9ifer<\/td>\n<\/tr>\n<tr class=\"design\">\n<td class=\"design\">7.<\/td>\n<td class=\"design\">Rettung vun der Welt<\/td>\n<\/tr>\n<tr class=\"design\">\n<td class=\"design\">8.<\/td>\n<td class=\"design\">Dei eiweg Gaissel<\/td>\n<\/tr>\n<tr class=\"design\">\n<td class=\"design\">9.<\/td>\n<td class=\"design\">Eng Iddi<\/td>\n<\/tr>\n<tr class=\"design\">\n<td class=\"design\">10.<\/td>\n<td class=\"design\">Bols Digga<\/td>\n<\/tr>\n<tr class=\"design\">\n<td class=\"design\">11.<\/td>\n<td class=\"design\">Eensamkeet vum Whistleblower<\/td>\n<\/tr>\n<tr class=\"design\">\n<td class=\"design\">12.<\/td>\n<td class=\"design\">All aer Geeschter<\/td>\n<\/tr>\n<tr class=\"design\">\n<td class=\"design\">13.<\/td>\n<td class=\"design\">Humble Pie Lullaby<\/td>\n<\/tr>\n<tr class=\"design\">\n<td class=\"design\">14.<\/td>\n<td class=\"design\">Falsch Mantras<\/td>\n<\/tr>\n<tr class=\"design\">\n<td class=\"design\">15.<\/td>\n<td class=\"design\">Pale Plague<\/td>\n<\/tr>\n<\/tbody>\n<\/table>\n<\/td>\n<\/tr>\n<\/tbody>\n<\/table>\n<table class=\"design\">\n<tbody>\n<tr class=\"design\">\n<td class=\"design\"><\/td>\n<td class=\"design\"><\/td>\n<\/tr>\n<\/tbody>\n<\/table>\n","protected":false},"excerpt":{"rendered":"<p>G\u00ebllent Kallef &#8211; by Der D\u00e4iwel Released: Mar. 2018 Tracklist 1. Der Daiwel Anthem 2. Dat huet dir der D\u00e4iwel [&hellip;]<\/p>\n","protected":false},"featured_media":154,"template":"","meta":[],"product_brand":[],"product_cat":[25],"product_tag":[28],"class_list":{"0":"post-153","1":"product","2":"type-product","3":"status-publish","4":"has-post-thumbnail","6":"product_cat-cd","7":"product_tag-28","9":"first","10":"instock","11":"shipping-taxable","12":"purchasable","13":"product-type-simple"},"_links":{"self":[{"href":"https:\/\/www.multimediart.lu\/index.php?rest_route=\/wp\/v2\/product\/153","targetHints":{"allow":["GET"]}}],"collection":[{"href":"https:\/\/www.multimediart.lu\/index.php?rest_route=\/wp\/v2\/product"}],"about":[{"href":"https:\/\/www.multimediart.lu\/index.php?rest_route=\/wp\/v2\/types\/product"}],"wp:featuredmedia":[{"embeddable":true,"href":"https:\/\/www.multimediart.lu\/index.php?rest_route=\/wp\/v2\/media\/154"}],"wp:attachment":[{"href":"https:\/\/www.multimediart.lu\/index.php?rest_route=%2Fwp%2Fv2%2Fmedia&parent=153"}],"wp:term":[{"taxonomy":"product_brand","embeddable":true,"href":"https:\/\/www.multimediart.lu\/index.php?rest_route=%2Fwp%2Fv2%2Fproduct_brand&post=153"},{"taxonomy":"product_cat","embeddable":true,"href":"https:\/\/www.multimediart.lu\/index.php?rest_route=%2Fwp%2Fv2%2Fproduct_cat&post=153"},{"taxonomy":"product_tag","embeddable":true,"href":"https:\/\/www.multimediart.lu\/index.php?rest_route=%2Fwp%2Fv2%2Fproduct_tag&post=153"}],"curies":[{"name":"wp","href":"https:\/\/api.w.org\/{rel}","templated":true}]}}