{"id":236,"date":"2022-04-09T16:08:26","date_gmt":"2022-04-09T14:08:26","guid":{"rendered":"https:\/\/newsite.multimediart.lu\/?post_type=product&#038;p=236"},"modified":"2022-04-11T18:30:32","modified_gmt":"2022-04-11T16:30:32","slug":"moof-net-frackt-ze-kreien","status":"publish","type":"product","link":"https:\/\/www.multimediart.lu\/?product=moof-net-frackt-ze-kreien","title":{"rendered":"Moof &#8211; Net Fr\u00e4ckt ze Kr\u00e9ien"},"content":{"rendered":"<p>Net Fr\u00e4ckt ze Kr\u00e9ien &#8211; by Moof<br \/>\n<a href=\"http:\/\/www.moof.lu\" target=\"_blank\" rel=\"noopener\">www.moof.lu<\/a><\/p>\n<p><i>Released: Mar. 2018<\/i><\/p>\n<p><u><b>Tracklist<\/b><\/u><\/p>\n<table class=\"design\">\n<tbody>\n<tr class=\"design\">\n<td class=\"design\">1.<\/td>\n<td class=\"design\">Net vreckt ze kr\u00e9ien<\/td>\n<\/tr>\n<tr class=\"design\">\n<td class=\"design\">2.<\/td>\n<td class=\"design\">Niresteng<\/td>\n<\/tr>\n<tr class=\"design\">\n<td class=\"design\">3.<\/td>\n<td class=\"design\">Beist Meedchen<\/td>\n<\/tr>\n<tr class=\"design\">\n<td class=\"design\">4.<\/td>\n<td class=\"design\">Schein Welt<\/td>\n<\/tr>\n<tr class=\"design\">\n<td class=\"design\">5.<\/td>\n<td class=\"design\">Einfach Mensch bleiwen<\/td>\n<\/tr>\n<tr class=\"design\">\n<td class=\"design\">7.<\/td>\n<td class=\"design\">Holy Raiber<\/td>\n<\/tr>\n<\/tbody>\n<\/table>\n","protected":false},"excerpt":{"rendered":"<p>Net Fr\u00e4ckt ze Kr\u00e9ien &#8211; by Moof www.moof.lu Released: Mar. 2018 Tracklist 1. Net vreckt ze kr\u00e9ien 2. Niresteng 3. [&hellip;]<\/p>\n","protected":false},"featured_media":237,"template":"","meta":[],"product_brand":[],"product_cat":[25],"product_tag":[],"class_list":{"0":"post-236","1":"product","2":"type-product","3":"status-publish","4":"has-post-thumbnail","6":"product_cat-cd","8":"first","9":"instock","10":"shipping-taxable","11":"purchasable","12":"product-type-simple"},"_links":{"self":[{"href":"https:\/\/www.multimediart.lu\/index.php?rest_route=\/wp\/v2\/product\/236","targetHints":{"allow":["GET"]}}],"collection":[{"href":"https:\/\/www.multimediart.lu\/index.php?rest_route=\/wp\/v2\/product"}],"about":[{"href":"https:\/\/www.multimediart.lu\/index.php?rest_route=\/wp\/v2\/types\/product"}],"wp:featuredmedia":[{"embeddable":true,"href":"https:\/\/www.multimediart.lu\/index.php?rest_route=\/wp\/v2\/media\/237"}],"wp:attachment":[{"href":"https:\/\/www.multimediart.lu\/index.php?rest_route=%2Fwp%2Fv2%2Fmedia&parent=236"}],"wp:term":[{"taxonomy":"product_brand","embeddable":true,"href":"https:\/\/www.multimediart.lu\/index.php?rest_route=%2Fwp%2Fv2%2Fproduct_brand&post=236"},{"taxonomy":"product_cat","embeddable":true,"href":"https:\/\/www.multimediart.lu\/index.php?rest_route=%2Fwp%2Fv2%2Fproduct_cat&post=236"},{"taxonomy":"product_tag","embeddable":true,"href":"https:\/\/www.multimediart.lu\/index.php?rest_route=%2Fwp%2Fv2%2Fproduct_tag&post=236"}],"curies":[{"name":"wp","href":"https:\/\/api.w.org\/{rel}","templated":true}]}}