{"id":280,"date":"2022-04-09T17:11:45","date_gmt":"2022-04-09T15:11:45","guid":{"rendered":"https:\/\/newsite.multimediart.lu\/?post_type=product&#038;p=280"},"modified":"2022-04-09T17:11:45","modified_gmt":"2022-04-09T15:11:45","slug":"deppegeisser-mat-schreips-an-teitsch","status":"publish","type":"product","link":"https:\/\/www.multimediart.lu\/?product=deppegeisser-mat-schreips-an-teitsch","title":{"rendered":"D\u00ebppeg\u00e9isser &#8211; Mat Schr\u00e9ips an Teitsch"},"content":{"rendered":"<p>Mat Schr\u00e9ips an Teitsch &#8211;\u00a0 by D\u00ebppeg\u00e9isser<\/p>\n<p><i>Released: Feb. 2005<\/i><\/p>\n<p><u><b>Tracklist<\/b><\/u><\/p>\n<table class=\"design\">\n<tbody>\n<tr class=\"design\">\n<td class=\"design\">1.<\/td>\n<td class=\"design\">Sportslidd<\/td>\n<\/tr>\n<tr class=\"design\">\n<td class=\"design\">2.<\/td>\n<td class=\"design\">Den aarne Geescht<\/td>\n<\/tr>\n<tr class=\"design\">\n<td class=\"design\">3.<\/td>\n<td class=\"design\">Jumbogang<\/td>\n<\/tr>\n<tr class=\"design\">\n<td class=\"design\">4.<\/td>\n<td class=\"design\">Du bass gudd geroden<\/td>\n<\/tr>\n<tr class=\"design\">\n<td class=\"design\">5.<\/td>\n<td class=\"design\">B\u00e9ier a Fr\u00ebnn<\/td>\n<\/tr>\n<tr class=\"design\">\n<td class=\"design\">6.<\/td>\n<td class=\"design\">Alzenger OktoberfestBauer sinn<\/td>\n<\/tr>\n<tr class=\"design\">\n<td class=\"design\">7.<\/td>\n<td class=\"design\">Bauer sinn<\/td>\n<\/tr>\n<tr class=\"design\">\n<td class=\"design\">8.<\/td>\n<td class=\"design\">Moossaarbecht<\/td>\n<\/tr>\n<tr class=\"design\">\n<td class=\"design\">9.<\/td>\n<td class=\"design\">De firmen Uji vun t\u00ebntenEch ginn<\/td>\n<\/tr>\n<tr class=\"design\">\n<td class=\"design\">10.<\/td>\n<td class=\"design\">Ech ginn<\/td>\n<\/tr>\n<tr class=\"design\">\n<td class=\"design\">11.<\/td>\n<td class=\"design\">Merci<\/td>\n<\/tr>\n<tr class=\"design\">\n<td class=\"design\">12.<\/td>\n<td class=\"design\">Et ass net schl\u00ebmm<\/td>\n<\/tr>\n<tr class=\"design\">\n<td class=\"design\">13.<\/td>\n<td class=\"design\">Lausbouwentricken<\/td>\n<\/tr>\n<tr class=\"design\">\n<td class=\"design\">14.<\/td>\n<td class=\"design\">Et knirschtPrinzessin<\/td>\n<\/tr>\n<tr class=\"design\">\n<td class=\"design\">15.<\/td>\n<td class=\"design\">Et ass net schl\u00ebm (Karaoke Versioun)<\/td>\n<\/tr>\n<tr class=\"design\">\n<td class=\"design\">16.<\/td>\n<td class=\"design\">Lausbouwentricken (Karaoke Versioun)<\/td>\n<\/tr>\n<tr class=\"design\">\n<td class=\"design\">17.<\/td>\n<td class=\"design\">Et knirscht (Karaoke Versioun)<\/td>\n<\/tr>\n<tr class=\"design\">\n<td class=\"design\">18.<\/td>\n<td class=\"design\">PrinzessinPrinzessin (Karaoke Versioun)<\/td>\n<\/tr>\n<\/tbody>\n<\/table>\n","protected":false},"excerpt":{"rendered":"<p>Mat Schr\u00e9ips an Teitsch &#8211;\u00a0 by D\u00ebppeg\u00e9isser Released: Feb. 2005 Tracklist 1. Sportslidd 2. Den aarne Geescht 3. Jumbogang 4. [&hellip;]<\/p>\n","protected":false},"featured_media":281,"template":"","meta":[],"product_brand":[],"product_cat":[25],"product_tag":[41],"class_list":{"0":"post-280","1":"product","2":"type-product","3":"status-publish","4":"has-post-thumbnail","6":"product_cat-cd","7":"product_tag-41","9":"first","10":"instock","11":"shipping-taxable","12":"purchasable","13":"product-type-simple"},"_links":{"self":[{"href":"https:\/\/www.multimediart.lu\/index.php?rest_route=\/wp\/v2\/product\/280","targetHints":{"allow":["GET"]}}],"collection":[{"href":"https:\/\/www.multimediart.lu\/index.php?rest_route=\/wp\/v2\/product"}],"about":[{"href":"https:\/\/www.multimediart.lu\/index.php?rest_route=\/wp\/v2\/types\/product"}],"wp:featuredmedia":[{"embeddable":true,"href":"https:\/\/www.multimediart.lu\/index.php?rest_route=\/wp\/v2\/media\/281"}],"wp:attachment":[{"href":"https:\/\/www.multimediart.lu\/index.php?rest_route=%2Fwp%2Fv2%2Fmedia&parent=280"}],"wp:term":[{"taxonomy":"product_brand","embeddable":true,"href":"https:\/\/www.multimediart.lu\/index.php?rest_route=%2Fwp%2Fv2%2Fproduct_brand&post=280"},{"taxonomy":"product_cat","embeddable":true,"href":"https:\/\/www.multimediart.lu\/index.php?rest_route=%2Fwp%2Fv2%2Fproduct_cat&post=280"},{"taxonomy":"product_tag","embeddable":true,"href":"https:\/\/www.multimediart.lu\/index.php?rest_route=%2Fwp%2Fv2%2Fproduct_tag&post=280"}],"curies":[{"name":"wp","href":"https:\/\/api.w.org\/{rel}","templated":true}]}}