{"id":333,"date":"2022-04-14T14:53:30","date_gmt":"2022-04-14T12:53:30","guid":{"rendered":"https:\/\/newsite.multimediart.lu\/?post_type=product&#038;p=333"},"modified":"2022-04-14T14:59:47","modified_gmt":"2022-04-14T12:59:47","slug":"bommeleeer-gewerkschaft-staffel-1","status":"publish","type":"product","link":"https:\/\/www.multimediart.lu\/?product=bommeleeer-gewerkschaft-staffel-1","title":{"rendered":"Bommelee\u00ebr Gewerkschaft &#8211; Staffel 1"},"content":{"rendered":"<p>Staffel 1\u00a0 &#8211;\u00a0 by Bommelee\u00ebr Gewerkschaft<\/p>\n<p><i>Released: Apr. 2015<\/i><\/p>\n<p><u><b>Tracklist<\/b><\/u><\/p>\n<table class=\"design\">\n<tbody>\n<tr class=\"design\">\n<td class=\"design\">1.<\/td>\n<td class=\"design\">Bommelee\u00ebr Gewerkschaft<\/td>\n<\/tr>\n<tr class=\"design\">\n<td class=\"design\">2.<\/td>\n<td class=\"design\">Elo as d&#8217;B\u00ebttel Fett<\/td>\n<\/tr>\n<tr class=\"design\">\n<td class=\"design\">3.<\/td>\n<td class=\"design\">Enges Daags<\/td>\n<\/tr>\n<tr class=\"design\">\n<td class=\"design\">4.<\/td>\n<td class=\"design\">Keen Doheem<\/td>\n<\/tr>\n<tr class=\"design\">\n<td class=\"design\">5.<\/td>\n<td class=\"design\">Riit an de Kapp geschoss<\/td>\n<\/tr>\n<tr class=\"design\">\n<td class=\"design\">6.<\/td>\n<td class=\"design\">Wann de Villche sengt<\/td>\n<\/tr>\n<tr class=\"design\">\n<td class=\"design\">7.<\/td>\n<td class=\"design\">Weiderlaafen<\/td>\n<\/tr>\n<tr class=\"design\">\n<td class=\"design\">8.<\/td>\n<td class=\"design\">Well ech esou ausgesin<\/td>\n<\/tr>\n<tr class=\"design\">\n<td class=\"design\">9.<\/td>\n<td class=\"design\">Nach \u00ebmmer op de Been<\/td>\n<\/tr>\n<tr class=\"design\">\n<td class=\"design\">10.<\/td>\n<td class=\"design\">Mobbing<\/td>\n<\/tr>\n<tr class=\"design\">\n<td class=\"design\">11.<\/td>\n<td class=\"design\">A\u00ebn op<\/td>\n<\/tr>\n<tr class=\"design\">\n<td class=\"design\">12.<\/td>\n<td class=\"design\">Op dech<\/td>\n<\/tr>\n<\/tbody>\n<\/table>\n<table class=\"design\">\n<tbody>\n<tr class=\"design\">\n<td class=\"design\">13.<\/td>\n<td class=\"design\">Zait zer\u00e9ck ze huelen<\/td>\n<\/tr>\n<tr class=\"design\">\n<td class=\"design\">14.<\/td>\n<td class=\"design\">Hey Hey Hey<\/td>\n<\/tr>\n<tr class=\"design\">\n<td class=\"design\">15.<\/td>\n<td class=\"design\">En Team<\/td>\n<\/tr>\n<tr class=\"design\">\n<td class=\"design\">16.<\/td>\n<td class=\"design\">Ech stin zu dir<\/td>\n<\/tr>\n<tr class=\"design\">\n<td class=\"design\">17.<\/td>\n<td class=\"design\">Eng Well aus Schall<\/td>\n<\/tr>\n<tr class=\"design\">\n<td class=\"design\"><\/td>\n<td class=\"design\"><\/td>\n<\/tr>\n<\/tbody>\n<\/table>\n","protected":false},"excerpt":{"rendered":"<p>Staffel 1\u00a0 &#8211;\u00a0 by Bommelee\u00ebr Gewerkschaft Released: Apr. 2015 Tracklist 1. Bommelee\u00ebr Gewerkschaft 2. Elo as d&#8217;B\u00ebttel Fett 3. Enges [&hellip;]<\/p>\n","protected":false},"featured_media":330,"template":"","meta":[],"product_brand":[],"product_cat":[25],"product_tag":[43],"class_list":{"0":"post-333","1":"product","2":"type-product","3":"status-publish","4":"has-post-thumbnail","6":"product_cat-cd","7":"product_tag-43","9":"first","10":"outofstock","11":"shipping-taxable","12":"purchasable","13":"product-type-simple"},"_links":{"self":[{"href":"https:\/\/www.multimediart.lu\/index.php?rest_route=\/wp\/v2\/product\/333","targetHints":{"allow":["GET"]}}],"collection":[{"href":"https:\/\/www.multimediart.lu\/index.php?rest_route=\/wp\/v2\/product"}],"about":[{"href":"https:\/\/www.multimediart.lu\/index.php?rest_route=\/wp\/v2\/types\/product"}],"wp:featuredmedia":[{"embeddable":true,"href":"https:\/\/www.multimediart.lu\/index.php?rest_route=\/wp\/v2\/media\/330"}],"wp:attachment":[{"href":"https:\/\/www.multimediart.lu\/index.php?rest_route=%2Fwp%2Fv2%2Fmedia&parent=333"}],"wp:term":[{"taxonomy":"product_brand","embeddable":true,"href":"https:\/\/www.multimediart.lu\/index.php?rest_route=%2Fwp%2Fv2%2Fproduct_brand&post=333"},{"taxonomy":"product_cat","embeddable":true,"href":"https:\/\/www.multimediart.lu\/index.php?rest_route=%2Fwp%2Fv2%2Fproduct_cat&post=333"},{"taxonomy":"product_tag","embeddable":true,"href":"https:\/\/www.multimediart.lu\/index.php?rest_route=%2Fwp%2Fv2%2Fproduct_tag&post=333"}],"curies":[{"name":"wp","href":"https:\/\/api.w.org\/{rel}","templated":true}]}}