{"id":425,"date":"2022-05-20T14:58:38","date_gmt":"2022-05-20T12:58:38","guid":{"rendered":"https:\/\/newsite.multimediart.lu\/?post_type=product&#038;p=425"},"modified":"2022-05-20T14:58:39","modified_gmt":"2022-05-20T12:58:39","slug":"de-lab-sex-drugs-e-pret","status":"publish","type":"product","link":"https:\/\/www.multimediart.lu\/?product=de-lab-sex-drugs-e-pret","title":{"rendered":"De L\u00e4b &#8211; Sex, Drugs &#038; e Pr\u00eat"},"content":{"rendered":"<p>Sex, Drugs &amp; e Pr\u00eat &#8211; by De L\u00e4b<br \/>\n<a href=\"http:\/\/www.myspace.com\/delabsound\" target=\"_blank\" rel=\"noopener\">www.myspace.com\/delabsound<\/a><\/p>\n<p><i>Released: Apr. 2013<\/i><\/p>\n<p><u><b>Tracklist<\/b><\/u><\/p>\n<table class=\"design\">\n<tbody>\n<tr class=\"design\">\n<td class=\"design\">1.<\/td>\n<td class=\"design\">Daiwelshand<\/td>\n<\/tr>\n<tr class=\"design\">\n<td class=\"design\">2.<\/td>\n<td class=\"design\">K\u00e9i, Kalleck an Italiener (Interlude)<\/td>\n<\/tr>\n<tr class=\"design\">\n<td class=\"design\">3.<\/td>\n<td class=\"design\">De Stolze Bauer (feat. Yves Schmarz)<\/td>\n<\/tr>\n<tr class=\"design\">\n<td class=\"design\">4.<\/td>\n<td class=\"design\">Dialekter<\/td>\n<\/tr>\n<tr class=\"design\">\n<td class=\"design\">5.<\/td>\n<td class=\"design\">Deng Mam kacht gutt (feat. Kvistax))<\/td>\n<\/tr>\n<tr class=\"design\">\n<td class=\"design\">6.<\/td>\n<td class=\"design\">Pisspaus (feat. MKO, Svinx, Nikkel K)<\/td>\n<\/tr>\n<tr class=\"design\">\n<td class=\"design\">7.<\/td>\n<td class=\"design\">La Dolorosa (feat. Mich Abreu Lopes)<\/td>\n<\/tr>\n<tr class=\"design\">\n<td class=\"design\">8.<\/td>\n<td class=\"design\">Sexo, Drogas y un Credito (Interlude)<\/td>\n<\/tr>\n<tr class=\"design\">\n<td class=\"design\">9.<\/td>\n<td class=\"design\">D\u00e9i falsch Schlaang (feat. Deborah Lehnen)<\/td>\n<\/tr>\n<tr class=\"design\">\n<td class=\"design\">10.<\/td>\n<td class=\"design\">Alphabeat<\/td>\n<\/tr>\n<tr class=\"design\">\n<td class=\"design\">11.<\/td>\n<td class=\"design\">Happy Hypokrit (feat. Maxime Bender)<\/td>\n<\/tr>\n<tr class=\"design\">\n<td class=\"design\">12.<\/td>\n<td class=\"design\">Gelee Grand-Ducale (Interlude)<\/td>\n<\/tr>\n<tr class=\"design\">\n<td class=\"design\">13.<\/td>\n<td class=\"design\">Lunten<\/td>\n<\/tr>\n<tr class=\"design\">\n<td class=\"design\">14.<\/td>\n<td class=\"design\">D\u00e9i roud Gees (feat. Mich Abreu Lopes)<\/td>\n<\/tr>\n<tr class=\"design\">\n<td class=\"design\">15.<\/td>\n<td class=\"design\">Mikorokosmos Lucilinburhuc (Interlude)<\/td>\n<\/tr>\n<tr class=\"design\">\n<td class=\"design\">16.<\/td>\n<td class=\"design\">C-Prominent (feat. Demolux)<\/td>\n<\/tr>\n<tr class=\"design\">\n<td class=\"design\">17.<\/td>\n<td class=\"design\">Definitioun vun Intro (feat. Dondi)<\/td>\n<\/tr>\n<\/tbody>\n<\/table>\n","protected":false},"excerpt":{"rendered":"<p>Sex, Drugs &amp; e Pr\u00eat &#8211; by De L\u00e4b www.myspace.com\/delabsound Released: Apr. 2013 Tracklist 1. Daiwelshand 2. K\u00e9i, Kalleck an [&hellip;]<\/p>\n","protected":false},"featured_media":426,"template":"","meta":[],"product_brand":[],"product_cat":[25],"product_tag":[55],"class_list":{"0":"post-425","1":"product","2":"type-product","3":"status-publish","4":"has-post-thumbnail","6":"product_cat-cd","7":"product_tag-55","9":"first","10":"instock","11":"shipping-taxable","12":"purchasable","13":"product-type-simple"},"_links":{"self":[{"href":"https:\/\/www.multimediart.lu\/index.php?rest_route=\/wp\/v2\/product\/425","targetHints":{"allow":["GET"]}}],"collection":[{"href":"https:\/\/www.multimediart.lu\/index.php?rest_route=\/wp\/v2\/product"}],"about":[{"href":"https:\/\/www.multimediart.lu\/index.php?rest_route=\/wp\/v2\/types\/product"}],"wp:featuredmedia":[{"embeddable":true,"href":"https:\/\/www.multimediart.lu\/index.php?rest_route=\/wp\/v2\/media\/426"}],"wp:attachment":[{"href":"https:\/\/www.multimediart.lu\/index.php?rest_route=%2Fwp%2Fv2%2Fmedia&parent=425"}],"wp:term":[{"taxonomy":"product_brand","embeddable":true,"href":"https:\/\/www.multimediart.lu\/index.php?rest_route=%2Fwp%2Fv2%2Fproduct_brand&post=425"},{"taxonomy":"product_cat","embeddable":true,"href":"https:\/\/www.multimediart.lu\/index.php?rest_route=%2Fwp%2Fv2%2Fproduct_cat&post=425"},{"taxonomy":"product_tag","embeddable":true,"href":"https:\/\/www.multimediart.lu\/index.php?rest_route=%2Fwp%2Fv2%2Fproduct_tag&post=425"}],"curies":[{"name":"wp","href":"https:\/\/api.w.org\/{rel}","templated":true}]}}