{"id":630,"date":"2022-08-02T16:33:22","date_gmt":"2022-08-02T14:33:22","guid":{"rendered":"https:\/\/newsite.multimediart.lu\/?post_type=product&#038;p=630"},"modified":"2022-08-02T16:33:22","modified_gmt":"2022-08-02T14:33:22","slug":"luke-haas-hannergedanken","status":"publish","type":"product","link":"https:\/\/www.multimediart.lu\/?product=luke-haas-hannergedanken","title":{"rendered":"Luke Haas &#8211; Hannergedanken"},"content":{"rendered":"<p>Hannergedanken by\u00a0 &#8211; Luke Haas<\/p>\n<p><u><b>Tracklist<\/b><\/u><\/p>\n<table class=\"design\">\n<tbody>\n<tr class=\"design\">\n<td class=\"design\">1.<\/td>\n<td class=\"design\">Enter Luke Haas<\/td>\n<\/tr>\n<tr class=\"design\">\n<td class=\"design\">2.<\/td>\n<td class=\"design\">E Laange Wee<\/td>\n<\/tr>\n<tr class=\"design\">\n<td class=\"design\">3.<\/td>\n<td class=\"design\">Danz mat de St\u00e4ren<\/td>\n<\/tr>\n<tr class=\"design\">\n<td class=\"design\">4.<\/td>\n<td class=\"design\">W\u00e9i d\u00e9if ass \u00ebnnen<\/td>\n<\/tr>\n<tr class=\"design\">\n<td class=\"design\">5.<\/td>\n<td class=\"design\">Hannergedanken?<\/td>\n<\/tr>\n<tr class=\"design\">\n<td class=\"design\">6.<\/td>\n<td class=\"design\">Emmer d\u00e9i Kleng<\/td>\n<\/tr>\n<tr class=\"design\">\n<td class=\"design\">7.<\/td>\n<td class=\"design\">Uh Kaka du!<\/td>\n<\/tr>\n<tr class=\"design\">\n<td class=\"design\">8.<\/td>\n<td class=\"design\">Instead of Prayer<\/td>\n<\/tr>\n<tr class=\"design\">\n<td class=\"design\">9.<\/td>\n<td class=\"design\">Hannenrem Reebou<\/td>\n<\/tr>\n<tr class=\"design\">\n<td class=\"design\">10.<\/td>\n<td class=\"design\">Mamma \u00c4erd<\/td>\n<\/tr>\n<tr class=\"design\">\n<td class=\"design\">11.<\/td>\n<td class=\"design\">Geld r\u00e9g\u00e9iert d&#8217;Welt<\/td>\n<\/tr>\n<tr class=\"design\">\n<td class=\"design\">12.<\/td>\n<td class=\"design\">Meedchen vun der Sauer<\/td>\n<\/tr>\n<tr class=\"design\">\n<td class=\"design\">13.<\/td>\n<td class=\"design\">Rock &#8216;n Roll<\/td>\n<\/tr>\n<\/tbody>\n<\/table>\n<table class=\"design\">\n<tbody>\n<tr class=\"design\">\n<td class=\"design\">14.<\/td>\n<td class=\"design\">Wat Gelift?<\/td>\n<\/tr>\n<tr class=\"design\">\n<td class=\"design\">15.<\/td>\n<td class=\"design\">&#8230; n\u00ebt &#8216;ze schw\u00e9ier<\/td>\n<\/tr>\n<\/tbody>\n<\/table>\n","protected":false},"excerpt":{"rendered":"<p>Hannergedanken by\u00a0 &#8211; Luke Haas Tracklist 1. Enter Luke Haas 2. E Laange Wee 3. Danz mat de St\u00e4ren 4. [&hellip;]<\/p>\n","protected":false},"featured_media":631,"template":"","meta":[],"product_brand":[],"product_cat":[25],"product_tag":[],"class_list":{"0":"post-630","1":"product","2":"type-product","3":"status-publish","4":"has-post-thumbnail","6":"product_cat-cd","8":"first","9":"instock","10":"shipping-taxable","11":"purchasable","12":"product-type-simple"},"_links":{"self":[{"href":"https:\/\/www.multimediart.lu\/index.php?rest_route=\/wp\/v2\/product\/630","targetHints":{"allow":["GET"]}}],"collection":[{"href":"https:\/\/www.multimediart.lu\/index.php?rest_route=\/wp\/v2\/product"}],"about":[{"href":"https:\/\/www.multimediart.lu\/index.php?rest_route=\/wp\/v2\/types\/product"}],"wp:featuredmedia":[{"embeddable":true,"href":"https:\/\/www.multimediart.lu\/index.php?rest_route=\/wp\/v2\/media\/631"}],"wp:attachment":[{"href":"https:\/\/www.multimediart.lu\/index.php?rest_route=%2Fwp%2Fv2%2Fmedia&parent=630"}],"wp:term":[{"taxonomy":"product_brand","embeddable":true,"href":"https:\/\/www.multimediart.lu\/index.php?rest_route=%2Fwp%2Fv2%2Fproduct_brand&post=630"},{"taxonomy":"product_cat","embeddable":true,"href":"https:\/\/www.multimediart.lu\/index.php?rest_route=%2Fwp%2Fv2%2Fproduct_cat&post=630"},{"taxonomy":"product_tag","embeddable":true,"href":"https:\/\/www.multimediart.lu\/index.php?rest_route=%2Fwp%2Fv2%2Fproduct_tag&post=630"}],"curies":[{"name":"wp","href":"https:\/\/api.w.org\/{rel}","templated":true}]}}