{"id":671,"date":"2022-08-02T17:59:09","date_gmt":"2022-08-02T15:59:09","guid":{"rendered":"https:\/\/newsite.multimediart.lu\/?post_type=product&#038;p=671"},"modified":"2022-08-02T17:59:09","modified_gmt":"2022-08-02T15:59:09","slug":"toxkapp-eskaleiert","status":"publish","type":"product","link":"https:\/\/www.multimediart.lu\/?product=toxkapp-eskaleiert","title":{"rendered":"Toxk\u00e4pp &#8211; Eskalei&#8217;ert"},"content":{"rendered":"<p>Eskalei&#8217;ert by\u00a0 &#8211;\u00a0 Toxk\u00e4pp<\/p>\n<table class=\"design\">\n<tbody>\n<tr class=\"design\">\n<td class=\"design\"><u><b>Tracklist<\/b><\/u><\/p>\n<table class=\"design\">\n<tbody>\n<tr class=\"design\">\n<td class=\"design\">1.<\/td>\n<td class=\"design\">KUCK-M\u00cbCH-PUNKT-COM<\/td>\n<\/tr>\n<tr class=\"design\">\n<td class=\"design\">2.<\/td>\n<td class=\"design\">KUCK VIRUN DECH (TR\u00cbPPEL N\u00cbT DRAN!)<\/td>\n<\/tr>\n<tr class=\"design\">\n<td class=\"design\">3.<\/td>\n<td class=\"design\">GLOBAL REZESSIOUN<\/td>\n<\/tr>\n<tr class=\"design\">\n<td class=\"design\">4.<\/td>\n<td class=\"design\">GRUNZ-GRUNZ-HA-TSCHI!<\/td>\n<\/tr>\n<tr class=\"design\">\n<td class=\"design\">5.<\/td>\n<td class=\"design\">HALL\u00cbFNUECHT<\/td>\n<\/tr>\n<\/tbody>\n<\/table>\n<\/td>\n<\/tr>\n<\/tbody>\n<\/table>\n<table class=\"design\">\n<tbody>\n<tr class=\"design\">\n<td class=\"design\"><\/td>\n<td class=\"design\"><\/td>\n<\/tr>\n<\/tbody>\n<\/table>\n<p>&nbsp;<\/p>\n","protected":false},"excerpt":{"rendered":"<p>Eskalei&#8217;ert by\u00a0 &#8211;\u00a0 Toxk\u00e4pp Tracklist 1. KUCK-M\u00cbCH-PUNKT-COM 2. KUCK VIRUN DECH (TR\u00cbPPEL N\u00cbT DRAN!) 3. GLOBAL REZESSIOUN 4. GRUNZ-GRUNZ-HA-TSCHI! 5. [&hellip;]<\/p>\n","protected":false},"featured_media":672,"template":"","meta":[],"product_brand":[],"product_cat":[25],"product_tag":[41],"class_list":{"0":"post-671","1":"product","2":"type-product","3":"status-publish","4":"has-post-thumbnail","6":"product_cat-cd","7":"product_tag-41","9":"first","10":"instock","11":"shipping-taxable","12":"purchasable","13":"product-type-simple"},"_links":{"self":[{"href":"https:\/\/www.multimediart.lu\/index.php?rest_route=\/wp\/v2\/product\/671","targetHints":{"allow":["GET"]}}],"collection":[{"href":"https:\/\/www.multimediart.lu\/index.php?rest_route=\/wp\/v2\/product"}],"about":[{"href":"https:\/\/www.multimediart.lu\/index.php?rest_route=\/wp\/v2\/types\/product"}],"wp:featuredmedia":[{"embeddable":true,"href":"https:\/\/www.multimediart.lu\/index.php?rest_route=\/wp\/v2\/media\/672"}],"wp:attachment":[{"href":"https:\/\/www.multimediart.lu\/index.php?rest_route=%2Fwp%2Fv2%2Fmedia&parent=671"}],"wp:term":[{"taxonomy":"product_brand","embeddable":true,"href":"https:\/\/www.multimediart.lu\/index.php?rest_route=%2Fwp%2Fv2%2Fproduct_brand&post=671"},{"taxonomy":"product_cat","embeddable":true,"href":"https:\/\/www.multimediart.lu\/index.php?rest_route=%2Fwp%2Fv2%2Fproduct_cat&post=671"},{"taxonomy":"product_tag","embeddable":true,"href":"https:\/\/www.multimediart.lu\/index.php?rest_route=%2Fwp%2Fv2%2Fproduct_tag&post=671"}],"curies":[{"name":"wp","href":"https:\/\/api.w.org\/{rel}","templated":true}]}}