{"id":947,"date":"2023-03-13T16:16:44","date_gmt":"2023-03-13T15:16:44","guid":{"rendered":"https:\/\/newsite.multimediart.lu\/?post_type=product&#038;p=947"},"modified":"2023-03-13T16:16:44","modified_gmt":"2023-03-13T15:16:44","slug":"arpetti-julien-surtout-pas-reflechir","status":"publish","type":"product","link":"https:\/\/www.multimediart.lu\/?product=arpetti-julien-surtout-pas-reflechir","title":{"rendered":"Arpetti Julien &#8211; Surtout pas r\u00e9fl\u00e9chir"},"content":{"rendered":"<p>Surtout pas r\u00e9fl\u00e9chir by\u00a0 Arpetti Julien<\/p>\n<p><u><b>Tracklist<\/b><\/u><\/p>\n<table class=\"design\">\n<tbody>\n<tr class=\"design\">\n<td class=\"design\">1.<\/td>\n<td class=\"design\">Surtout pas r\u00e9fl\u00e9chir<\/td>\n<\/tr>\n<tr class=\"design\">\n<td class=\"design\">2.<\/td>\n<td class=\"design\">le mauvais p\u00e8re<\/td>\n<\/tr>\n<tr class=\"design\">\n<td class=\"design\">3.<\/td>\n<td class=\"design\">Elle, dix sept ans<\/td>\n<\/tr>\n<tr class=\"design\">\n<td class=\"design\">4.<\/td>\n<td class=\"design\">D\u00e9j\u00e0<\/td>\n<\/tr>\n<tr class=\"design\">\n<td class=\"design\">5.<\/td>\n<td class=\"design\">\u00e7a m&#8217; fera vieux<\/td>\n<\/tr>\n<tr class=\"design\">\n<td class=\"design\">6.<\/td>\n<td class=\"design\">Toutes les guitares<\/td>\n<\/tr>\n<tr class=\"design\">\n<td class=\"design\">7.<\/td>\n<td class=\"design\">Tu pourras voir la mer<\/td>\n<\/tr>\n<tr class=\"design\">\n<td class=\"design\">8.<\/td>\n<td class=\"design\">Les feux de l&#8217;usine<\/td>\n<\/tr>\n<tr class=\"design\">\n<td class=\"design\">9.<\/td>\n<td class=\"design\">Le milieu<\/td>\n<\/tr>\n<tr class=\"design\">\n<td class=\"design\">10.<\/td>\n<td class=\"design\">Surprise partie<\/td>\n<\/tr>\n<tr class=\"design\">\n<td class=\"design\">11.<\/td>\n<td class=\"design\">Stars fant\u00f4mes<\/td>\n<\/tr>\n<tr class=\"design\">\n<td class=\"design\">12.<\/td>\n<td class=\"design\">La demeure de Marie<\/td>\n<\/tr>\n<\/tbody>\n<\/table>\n","protected":false},"excerpt":{"rendered":"<p>Surtout pas r\u00e9fl\u00e9chir by\u00a0 Arpetti Julien Tracklist 1. Surtout pas r\u00e9fl\u00e9chir 2. le mauvais p\u00e8re 3. Elle, dix sept ans [&hellip;]<\/p>\n","protected":false},"featured_media":948,"template":"","meta":[],"product_brand":[],"product_cat":[25],"product_tag":[50],"class_list":{"0":"post-947","1":"product","2":"type-product","3":"status-publish","4":"has-post-thumbnail","6":"product_cat-cd","7":"product_tag-50","9":"first","10":"instock","11":"shipping-taxable","12":"purchasable","13":"product-type-simple"},"_links":{"self":[{"href":"https:\/\/www.multimediart.lu\/index.php?rest_route=\/wp\/v2\/product\/947","targetHints":{"allow":["GET"]}}],"collection":[{"href":"https:\/\/www.multimediart.lu\/index.php?rest_route=\/wp\/v2\/product"}],"about":[{"href":"https:\/\/www.multimediart.lu\/index.php?rest_route=\/wp\/v2\/types\/product"}],"wp:featuredmedia":[{"embeddable":true,"href":"https:\/\/www.multimediart.lu\/index.php?rest_route=\/wp\/v2\/media\/948"}],"wp:attachment":[{"href":"https:\/\/www.multimediart.lu\/index.php?rest_route=%2Fwp%2Fv2%2Fmedia&parent=947"}],"wp:term":[{"taxonomy":"product_brand","embeddable":true,"href":"https:\/\/www.multimediart.lu\/index.php?rest_route=%2Fwp%2Fv2%2Fproduct_brand&post=947"},{"taxonomy":"product_cat","embeddable":true,"href":"https:\/\/www.multimediart.lu\/index.php?rest_route=%2Fwp%2Fv2%2Fproduct_cat&post=947"},{"taxonomy":"product_tag","embeddable":true,"href":"https:\/\/www.multimediart.lu\/index.php?rest_route=%2Fwp%2Fv2%2Fproduct_tag&post=947"}],"curies":[{"name":"wp","href":"https:\/\/api.w.org\/{rel}","templated":true}]}}